{"id":32330,"date":"2025-10-30T16:44:49","date_gmt":"2025-10-30T16:44:49","guid":{"rendered":"https:\/\/capsle.turnbull.co\/?page_id=32330"},"modified":"2025-12-25T11:34:27","modified_gmt":"2025-12-25T11:34:27","slug":"conference-annuelle","status":"publish","type":"page","link":"https:\/\/capsle2.turnbull.co\/fr\/conference-annuelle\/","title":{"rendered":"Conf\u00e9rence annuelle"},"content":{"rendered":"\n<p><strong>Les 26 au 28 avril, 2026<br>Le Centre Sheraton Montr\u00e9al &#8211; Montr\u00e9al (QC)<\/strong><\/p>\n\n\n\n<h4 class=\"wp-block-heading\">La 36e Conf\u00e9rence annuelle de<br>l&rsquo;Association canadienne pour l\u2019\u00e9tude pratique du droit de l\u2019\u00e9ducation<\/h4>\n\n\n\n<p>Cette conf\u00e9rence annuelle attire des \u00e9ducateurs exp\u00e9riment\u00e9s, des avocats, des universitaires et d&rsquo;autres personnes int\u00e9ress\u00e9es par la relation entre l&rsquo;\u00e9ducation et le droit, et plus particuli\u00e8rement par l&rsquo;application pratique du droit dans le contexte de l&rsquo;\u00e9ducation.<\/p>\n\n\n\n<p>L&rsquo;herbe est-elle plus verte chez le voisin?<br>D\u00e9fis et triomphes en droit de l&rsquo;\u00e9ducation au Canada et \u00e0 l&rsquo;\u00e9tranger<\/p>\n\n\n\n<p><strong>Les inscriptions sont maintenant ouvertes!<\/strong><\/p>\n","protected":false},"excerpt":{"rendered":"<p>Les 26 au 28 avril, 2026<br \/>Le Centre Sheraton Montr\u00e9al &#8211; Montr\u00e9al (QC)<\/p>\n<p>La 36e Conf\u00e9rence annuelle de<br \/>l&rsquo;Association canadienne pour l\u2019\u00e9tude pratique du droit de l\u2019\u00e9ducation<\/p>\n<p>Cette conf\u00e9rence annuelle attire des \u00e9ducateurs exp\u00e9riment\u00e9s, des avocats, des universitaires et d&rsquo;autres personnes int\u00e9ress\u00e9es par la relation entre l&rsquo;\u00e9ducation et le droit,<\/p>\n","protected":false},"author":1,"featured_media":32329,"parent":0,"menu_order":0,"comment_status":"closed","ping_status":"closed","template":"template-blocks.php","meta":{"pmpro_default_level":"","footnotes":""},"class_list":["post-32330","page","type-page","status-publish","has-post-thumbnail","hentry","pmpro-has-access"],"meta_box":[],"_links":{"self":[{"href":"https:\/\/capsle2.turnbull.co\/fr\/wp-json\/wp\/v2\/pages\/32330","targetHints":{"allow":["GET"]}}],"collection":[{"href":"https:\/\/capsle2.turnbull.co\/fr\/wp-json\/wp\/v2\/pages"}],"about":[{"href":"https:\/\/capsle2.turnbull.co\/fr\/wp-json\/wp\/v2\/types\/page"}],"author":[{"embeddable":true,"href":"https:\/\/capsle2.turnbull.co\/fr\/wp-json\/wp\/v2\/users\/1"}],"replies":[{"embeddable":true,"href":"https:\/\/capsle2.turnbull.co\/fr\/wp-json\/wp\/v2\/comments?post=32330"}],"version-history":[{"count":1,"href":"https:\/\/capsle2.turnbull.co\/fr\/wp-json\/wp\/v2\/pages\/32330\/revisions"}],"predecessor-version":[{"id":32331,"href":"https:\/\/capsle2.turnbull.co\/fr\/wp-json\/wp\/v2\/pages\/32330\/revisions\/32331"}],"wp:featuredmedia":[{"embeddable":true,"href":"https:\/\/capsle2.turnbull.co\/fr\/wp-json\/wp\/v2\/media\/32329"}],"wp:attachment":[{"href":"https:\/\/capsle2.turnbull.co\/fr\/wp-json\/wp\/v2\/media?parent=32330"}],"curies":[{"name":"wp","href":"https:\/\/api.w.org\/{rel}","templated":true}]}}