{"id":32319,"date":"2025-10-15T15:35:13","date_gmt":"2025-10-15T15:35:13","guid":{"rendered":"https:\/\/capsle.turnbull.co\/?page_id=32319"},"modified":"2025-12-25T11:32:54","modified_gmt":"2025-12-25T11:32:54","slug":"frais-dadhesion-a-lacede","status":"publish","type":"page","link":"https:\/\/capsle2.turnbull.co\/fr\/adhesion-a-lacede\/frais-dadhesion-a-lacede\/","title":{"rendered":"Frais d\u2019adh\u00e9sion \u00e0 l\u2019AC\u00c9D\u00c9"},"content":{"rendered":"\n<p>Nos adh\u00e9sions sont offertes sur une base annuelle, de janvier \u00e0 d\u00e9cembre.<br>Une nouvelle facture est \u00e9mise chaque janvier suivant pour faciliter votre renouvellement.<\/p>\n\n\n\n<p>Il y a trois types d\u2019adh\u00e9sion \u00e0 l\u2019AC\u00c9D\u00c9<\/p>\n\n\n\n<ol class=\"wp-block-list\">\n<li>Corporatif &#8211; inclus un nombre illimit\u00e9 de membres qui sont employ\u00e9s ou conseillers.\u00e8res de l&rsquo;organisme ou l&rsquo;entreprise \u00e9mettrice.<\/li>\n\n\n\n<li>Individuel &#8211; donne \u00e0 une personne l&rsquo;acc\u00e8s aux avantages d&rsquo;une adh\u00e9sion de l&rsquo;AC\u00c9D\u00c9<\/li>\n\n\n\n<li>\u00c9tudiant.e &#8211; pour une personne pr\u00e9sentement inscrite \u00e0 des \u00e9tudes postsecondaires<\/li>\n<\/ol>\n\n\n\n<p>La structure des frais de membre est comme suit:<\/p>\n\n\n\n<figure class=\"wp-block-table\"><table class=\"has-fixed-layout\"><thead><tr><th>Type<\/th><th>1 an (janv-d\u00e9c)<\/th><th><\/th><th>3 ans<\/th><th><\/th><th><\/th><\/tr><\/thead><tbody><tr><td><\/td><td>Base<\/td><td><\/td><td>Base<\/td><td><\/td><td>\u00c9conomies<\/td><\/tr><tr><td>Corporatif<\/td><td>275,00$<\/td><td>+ tvh<\/td><td>750,00$<\/td><td>+ tvh<\/td><td>75,00$<\/td><\/tr><tr><td>Individuel<\/td><td>95,00$<\/td><td>+ tvh<\/td><td>250,00$<\/td><td>+ tvh<\/td><td>35,00$<\/td><\/tr><tr><td>\u00c9tudiant.e<\/td><td>35,00$<\/td><td>+ tvh<\/td><td>s\/o<\/td><td>&#8211;<\/td><td>&#8211;<\/td><\/tr><\/tbody><\/table><\/figure>\n\n\n\n<p>* La taxe sera calcul\u00e9e au taux provincial selon votre adresse de facturation.<\/p>\n\n\n\n<p><strong>Les adh\u00e9sions sont valables pour une ann\u00e9e compl\u00e8te, soit de janvier \u00e0 d\u00e9cembre.<\/strong><\/p>\n\n\n\n<p><\/p>\n","protected":false},"excerpt":{"rendered":"<p>Nos adh\u00e9sions sont offertes sur une base annuelle, de janvier \u00e0 d\u00e9cembre.<br \/>Une nouvelle facture est \u00e9mise chaque janvier suivant pour faciliter votre renouvellement.<\/p>\n<p>Il y a trois types d\u2019adh\u00e9sion \u00e0 l\u2019AC\u00c9D\u00c9<\/p>\n<p>Corporatif &#8211; inclus un nombre illimit\u00e9 de membres qui sont employ\u00e9s ou conseillers.\u00e8res de l&rsquo;organisme ou l&rsquo;entreprise \u00e9mettrice.<\/p>\n","protected":false},"author":1,"featured_media":0,"parent":32312,"menu_order":0,"comment_status":"closed","ping_status":"closed","template":"","meta":{"pmpro_default_level":"","footnotes":""},"class_list":["post-32319","page","type-page","status-publish","hentry","pmpro-has-access"],"meta_box":[],"_links":{"self":[{"href":"https:\/\/capsle2.turnbull.co\/fr\/wp-json\/wp\/v2\/pages\/32319","targetHints":{"allow":["GET"]}}],"collection":[{"href":"https:\/\/capsle2.turnbull.co\/fr\/wp-json\/wp\/v2\/pages"}],"about":[{"href":"https:\/\/capsle2.turnbull.co\/fr\/wp-json\/wp\/v2\/types\/page"}],"author":[{"embeddable":true,"href":"https:\/\/capsle2.turnbull.co\/fr\/wp-json\/wp\/v2\/users\/1"}],"replies":[{"embeddable":true,"href":"https:\/\/capsle2.turnbull.co\/fr\/wp-json\/wp\/v2\/comments?post=32319"}],"version-history":[{"count":1,"href":"https:\/\/capsle2.turnbull.co\/fr\/wp-json\/wp\/v2\/pages\/32319\/revisions"}],"predecessor-version":[{"id":32320,"href":"https:\/\/capsle2.turnbull.co\/fr\/wp-json\/wp\/v2\/pages\/32319\/revisions\/32320"}],"up":[{"embeddable":true,"href":"https:\/\/capsle2.turnbull.co\/fr\/wp-json\/wp\/v2\/pages\/32312"}],"wp:attachment":[{"href":"https:\/\/capsle2.turnbull.co\/fr\/wp-json\/wp\/v2\/media?parent=32319"}],"curies":[{"name":"wp","href":"https:\/\/api.w.org\/{rel}","templated":true}]}}