{"id":32316,"date":"2025-10-03T08:12:50","date_gmt":"2025-10-03T08:12:50","guid":{"rendered":"https:\/\/capsle.turnbull.co\/?page_id=32316"},"modified":"2025-12-23T15:15:30","modified_gmt":"2025-12-23T15:15:30","slug":"contactez-nous","status":"publish","type":"page","link":"https:\/\/capsle2.turnbull.co\/fr\/contactez-nous\/","title":{"rendered":"Contactez-nous!"},"content":{"rendered":"\n<h3 class=\"wp-block-heading\">Coordonn\u00e9es<\/h3>\n\n\n\n<p>AC\u00c9D\u00c9<br>a\/s Agente administrative (Sabrina Roberts)<br>CP 8171, succ. A<br>St. John&rsquo;s (TNL)<br>CANADA \u00a4 A1B 3P2<br>T\u00e9l.: 709-227-6549 (CAPNL-49)<\/p>\n\n\n\n<p>\u00a0Engagez l&rsquo;AC\u00c9D\u00c9 sur Twitter \u00e0\u00a0<a href=\"https:\/\/twitter.com\/_CAPSLE\" target=\"_blank\" rel=\"noreferrer noopener\">@_CAPSLE<\/a><\/p>\n\n\n\n<p>Si vous utilisez cette m\u00e9thode de communication, votre message sera envoy\u00e9 \u00e0 Sabrina Roberts, Agente administrative de l\u2019AC\u00c9D\u00c9 (<a href=\"mailto:info@capsle.ca\">info@capsle.ca<\/a>).<\/p>\n\n\n\n<p><\/p>\n","protected":false},"excerpt":{"rendered":"<p>Coordonn\u00e9es<\/p>\n<p>AC\u00c9D\u00c9<br \/>a\/s Agente administrative (Sabrina Roberts)<br \/>CP 8171, succ. A<br \/>St. John&rsquo;s (TNL)<br \/>CANADA \u00a4 A1B 3P2<br \/>T\u00e9l.: 709-227-6549 (CAPNL-49)<\/p>\n<p>\u00a0Engagez l&rsquo;AC\u00c9D\u00c9 sur Twitter \u00e0\u00a0<a href=\"https:\/\/twitter.com\/_CAPSLE\" target=\"_blank\" rel=\"noreferrer noopener\">@_CAPSLE<\/a><\/p>\n<p>Si vous utilisez cette m\u00e9thode de communication, votre message sera envoy\u00e9 \u00e0 Sabrina Roberts, Agente administrative de l\u2019AC\u00c9D\u00c9 (<a href=\"mailto:info@capsle.ca\">info@capsle.ca<\/a>).<\/p>\n","protected":false},"author":1,"featured_media":0,"parent":0,"menu_order":-5,"comment_status":"closed","ping_status":"closed","template":"template-contact.php","meta":{"pmpro_default_level":"","footnotes":""},"class_list":["post-32316","page","type-page","status-publish","hentry","pmpro-has-access"],"meta_box":[],"_links":{"self":[{"href":"https:\/\/capsle2.turnbull.co\/fr\/wp-json\/wp\/v2\/pages\/32316","targetHints":{"allow":["GET"]}}],"collection":[{"href":"https:\/\/capsle2.turnbull.co\/fr\/wp-json\/wp\/v2\/pages"}],"about":[{"href":"https:\/\/capsle2.turnbull.co\/fr\/wp-json\/wp\/v2\/types\/page"}],"author":[{"embeddable":true,"href":"https:\/\/capsle2.turnbull.co\/fr\/wp-json\/wp\/v2\/users\/1"}],"replies":[{"embeddable":true,"href":"https:\/\/capsle2.turnbull.co\/fr\/wp-json\/wp\/v2\/comments?post=32316"}],"version-history":[{"count":1,"href":"https:\/\/capsle2.turnbull.co\/fr\/wp-json\/wp\/v2\/pages\/32316\/revisions"}],"predecessor-version":[{"id":32317,"href":"https:\/\/capsle2.turnbull.co\/fr\/wp-json\/wp\/v2\/pages\/32316\/revisions\/32317"}],"wp:attachment":[{"href":"https:\/\/capsle2.turnbull.co\/fr\/wp-json\/wp\/v2\/media?parent=32316"}],"curies":[{"name":"wp","href":"https:\/\/api.w.org\/{rel}","templated":true}]}}