{"id":32312,"date":"2025-10-03T08:11:13","date_gmt":"2025-10-03T08:11:13","guid":{"rendered":"https:\/\/capsle.turnbull.co\/?page_id=32312"},"modified":"2025-12-25T11:32:48","modified_gmt":"2025-12-25T11:32:48","slug":"adhesion-a-lacede","status":"publish","type":"page","link":"https:\/\/capsle2.turnbull.co\/fr\/adhesion-a-lacede\/","title":{"rendered":"Adh\u00e9sion \u00e0 L\u2019AC\u00c9D\u00c9"},"content":{"rendered":"<p>Cr\u00e9\u00e9e dans le but particulier d\u2019augmenter le niveau de connaissances et de compr\u00e9hension pour les personnes int\u00e9ress\u00e9es ou impliqu\u00e9es dans des aspects juridiques affectant l\u2019\u00e9ducation, l\u2019AC\u00c9D\u00c9 sert de tribune pour les d\u00e9bats pond\u00e9r\u00e9s sur les questions de l\u2019heure. L\u2019Association encourage l\u2019\u00e9change de perspectives vari\u00e9es ainsi que la communication et la coop\u00e9ration parmi tous les intervenants.<\/p>\n<p><strong>l\u2019AC\u00c9D\u00c9 atteint ces objectifs au moyen d\u2019activit\u00e9s telles que:<\/strong><\/p>\n<ul>\n<li>la tenue d\u2019un <a href=\"#\">congr\u00e8s national annuel<\/a>;<\/li>\n<li>la publication des <a href=\"#\">actes de congr\u00e8s<\/a>;<\/li>\n<li>la publication d\u2019un <a href=\"#\">bulletin trimestriel<\/a> contenant des articles, des critiques de livres et des r\u00e9sum\u00e9s de cas portant sur des enjeux juridiques affectant l\u2019\u00e9ducation; et,<\/li>\n<li>l\u2019acc\u00e8s aux decisions des tribunaux des provinces.<\/li>\n<\/ul>\n","protected":false},"excerpt":{"rendered":"<p>Cr\u00e9\u00e9e dans le but particulier d\u2019augmenter le niveau de connaissances et de compr\u00e9hension pour les personnes int\u00e9ress\u00e9es ou impliqu\u00e9es dans des aspects juridiques affectant l\u2019\u00e9ducation, l\u2019AC\u00c9D\u00c9 sert de tribune pour les d\u00e9bats pond\u00e9r\u00e9s sur les questions de l\u2019heure. L\u2019Association encourage l\u2019\u00e9change de perspectives vari\u00e9es ainsi que la communication et la coop\u00e9ration parmi tous les intervenants.<\/p>\n","protected":false},"author":1,"featured_media":0,"parent":0,"menu_order":-8,"comment_status":"closed","ping_status":"closed","template":"","meta":{"pmpro_default_level":"","footnotes":""},"class_list":["post-32312","page","type-page","status-publish","hentry","pmpro-has-access"],"meta_box":[],"_links":{"self":[{"href":"https:\/\/capsle2.turnbull.co\/fr\/wp-json\/wp\/v2\/pages\/32312","targetHints":{"allow":["GET"]}}],"collection":[{"href":"https:\/\/capsle2.turnbull.co\/fr\/wp-json\/wp\/v2\/pages"}],"about":[{"href":"https:\/\/capsle2.turnbull.co\/fr\/wp-json\/wp\/v2\/types\/page"}],"author":[{"embeddable":true,"href":"https:\/\/capsle2.turnbull.co\/fr\/wp-json\/wp\/v2\/users\/1"}],"replies":[{"embeddable":true,"href":"https:\/\/capsle2.turnbull.co\/fr\/wp-json\/wp\/v2\/comments?post=32312"}],"version-history":[{"count":2,"href":"https:\/\/capsle2.turnbull.co\/fr\/wp-json\/wp\/v2\/pages\/32312\/revisions"}],"predecessor-version":[{"id":32315,"href":"https:\/\/capsle2.turnbull.co\/fr\/wp-json\/wp\/v2\/pages\/32312\/revisions\/32315"}],"wp:attachment":[{"href":"https:\/\/capsle2.turnbull.co\/fr\/wp-json\/wp\/v2\/media?parent=32312"}],"curies":[{"name":"wp","href":"https:\/\/api.w.org\/{rel}","templated":true}]}}