{"id":32310,"date":"2025-10-30T16:39:51","date_gmt":"2025-10-30T16:39:51","guid":{"rendered":"https:\/\/capsle.turnbull.co\/?page_id=32310"},"modified":"2025-12-25T11:32:04","modified_gmt":"2025-12-25T11:32:04","slug":"bienvenue-a-lacede","status":"publish","type":"page","link":"https:\/\/capsle2.turnbull.co\/fr\/a-propos-de-lacede\/bienvenue-a-lacede\/","title":{"rendered":"Bienvenue \u00e0 l&rsquo;AC\u00c9D\u00c9"},"content":{"rendered":"\n<p>Bienvenue sur la page d&rsquo;accueil en ligne de lAC\u00c9D\u00c9 \u2013 l&rsquo;Association canadienne pour l&rsquo;\u00e9tude pratique du droit de l\u2019\u00e9ducation. Vous trouverez ici des renseignements sur l&rsquo;organisation et ses membres, ainsi que les avantages que l\u2019AC\u00c9D\u00c9 offre \u00e0 ses membres.<\/p>\n\n\n\n<p>L\u2019AC\u00c9D\u00c9 est la principale ressource au Canada pour l\u2019apprentissage, la connexion et la croissance dans le domaine du droit de l\u2019\u00e9ducation. Nos membres comprennent des praticiens provenant d\u2019un large \u00e9ventail d\u2019intervenants du secteur de l\u2019\u00e9ducation, des universitaires du domaine de l\u2019\u00e9ducation, des directions et directions adjointes, des enseignants, des membres et conseillers de commissions scolaires, des dirigeants de syndicats d\u2019enseignants, des employeurs du secteur de l\u2019\u00e9ducation, des repr\u00e9sentants du gouvernement et des conseillers juridiques sp\u00e9cialis\u00e9s en droit de l\u2019\u00e9ducation, de l\u2019emploi et du travail. Nos membres, quel que soit leur r\u00f4le, partagent un int\u00e9r\u00eat commun : faire en sorte que le Canada dispose et maintienne le meilleur syst\u00e8me d\u2019\u00e9ducation possible, non seulement pour ses \u00e9tudiants, mais aussi pour tous ses groupes d\u2019intervenants.<\/p>\n\n\n\n<p>Chaque ann\u00e9e, le point culminant de notre calendrier est notre conf\u00e9rence annuelle, qui se tient dans diff\u00e9rentes villes du pays, invitant nos membres \u00e0 se rencontrer, \u00e0 r\u00e9seauter et \u00e0 apprendre ensemble dans le cadre de la principale opportunit\u00e9 de d\u00e9veloppement professionnel au Canada pour les praticiens du domaine du droit de l&rsquo;\u00e9ducation. Avec des conf\u00e9renciers principaux, des pl\u00e9ni\u00e8res, et un large \u00e9ventail de s\u00e9ances en petits groupes, la conf\u00e9rence annuelle de l\u2019AC\u00c9D\u00c9 est un \u00e9v\u00e9nement annuel tr\u00e8s attendu.<\/p>\n\n\n\n<p>Au cours de la prochaine ann\u00e9e, le conseil continuera de chercher des fa\u00e7ons de dialoguer avec les membres. Nous avons maintenant organis\u00e9 avec succ\u00e8s plusieurs webinaires qui ont \u00e9t\u00e9 bien accueillis. Tout au long de l&rsquo;ann\u00e9e \u00e0 venir, nous pr\u00e9voyons d&rsquo;offrir des webinaires, des articles et, esp\u00e9rons-le, d&rsquo;autres fa\u00e7ons de se connecter, de discuter et de grandir.<\/p>\n\n\n\n<p>Assurez-vous de surveiller les courriels de l\u2019AC\u00c9D\u00c9, visitez le site Web, suivez-nous sur X et Facebook et faites passer le message. Nous esp\u00e9rons avoir une excellente ann\u00e9e et vous revoir \u00e0 Montr\u00e9al, Qu\u00e9bec, en 2026 pour notre prochaine conf\u00e9rence annuelle.<\/p>\n\n\n\n<p>Terry Sullivan<br>Pr\u00e9sident de l\u2019AC\u00c9D\u00c9<br>2025-2026<\/p>\n","protected":false},"excerpt":{"rendered":"<p>Bienvenue sur la page d&rsquo;accueil en ligne de lAC\u00c9D\u00c9 \u2013 l&rsquo;Association canadienne pour l&rsquo;\u00e9tude pratique du droit de l\u2019\u00e9ducation. Vous trouverez ici des renseignements sur l&rsquo;organisation et ses membres, ainsi que les avantages que l\u2019AC\u00c9D\u00c9 offre \u00e0 ses membres.<\/p>\n<p>L\u2019AC\u00c9D\u00c9 est la principale ressource au Canada pour l\u2019apprentissage, la connexion et la croissance dans le domaine du droit de l\u2019\u00e9ducation.<\/p>\n","protected":false},"author":1,"featured_media":0,"parent":32299,"menu_order":0,"comment_status":"closed","ping_status":"closed","template":"","meta":{"pmpro_default_level":"","footnotes":""},"class_list":["post-32310","page","type-page","status-publish","hentry","pmpro-has-access"],"meta_box":[],"_links":{"self":[{"href":"https:\/\/capsle2.turnbull.co\/fr\/wp-json\/wp\/v2\/pages\/32310","targetHints":{"allow":["GET"]}}],"collection":[{"href":"https:\/\/capsle2.turnbull.co\/fr\/wp-json\/wp\/v2\/pages"}],"about":[{"href":"https:\/\/capsle2.turnbull.co\/fr\/wp-json\/wp\/v2\/types\/page"}],"author":[{"embeddable":true,"href":"https:\/\/capsle2.turnbull.co\/fr\/wp-json\/wp\/v2\/users\/1"}],"replies":[{"embeddable":true,"href":"https:\/\/capsle2.turnbull.co\/fr\/wp-json\/wp\/v2\/comments?post=32310"}],"version-history":[{"count":1,"href":"https:\/\/capsle2.turnbull.co\/fr\/wp-json\/wp\/v2\/pages\/32310\/revisions"}],"predecessor-version":[{"id":32311,"href":"https:\/\/capsle2.turnbull.co\/fr\/wp-json\/wp\/v2\/pages\/32310\/revisions\/32311"}],"up":[{"embeddable":true,"href":"https:\/\/capsle2.turnbull.co\/fr\/wp-json\/wp\/v2\/pages\/32299"}],"wp:attachment":[{"href":"https:\/\/capsle2.turnbull.co\/fr\/wp-json\/wp\/v2\/media?parent=32310"}],"curies":[{"name":"wp","href":"https:\/\/api.w.org\/{rel}","templated":true}]}}