{"id":32308,"date":"2025-10-15T15:07:58","date_gmt":"2025-10-15T15:07:58","guid":{"rendered":"https:\/\/capsle.turnbull.co\/?page_id=32308"},"modified":"2025-12-25T11:31:59","modified_gmt":"2025-12-25T11:31:59","slug":"laga","status":"publish","type":"page","link":"https:\/\/capsle2.turnbull.co\/fr\/a-propos-de-lacede\/laga\/","title":{"rendered":"L\u2019AGA"},"content":{"rendered":"\n<h2 class=\"wp-block-heading\">TRENTE-QUATRI\u00c8ME ASSEMBL\u00c9E G\u00c9N\u00c9RALE ANNUELLE<\/h2>\n\n\n\n<p>La trente-quatri\u00e8me AGA des membres de l\u2019AC\u00c9D\u00c9 a eu lieu durant la Conf\u00e9rence 2023 \u00e0 Fr\u00e9d\u00e9ricton (NB).&nbsp;<\/p>\n\n\n\n<p>La prochaine AGA aura lieu \u00e0 la Conf\u00e9rence 2024 en Ontario. (fin avril &#8211; d\u00e9but mai)<\/p>\n\n\n\n<p><\/p>\n","protected":false},"excerpt":{"rendered":"<p>TRENTE-QUATRI\u00c8ME ASSEMBL\u00c9E G\u00c9N\u00c9RALE ANNUELLE<\/p>\n<p>La trente-quatri\u00e8me AGA des membres de l\u2019AC\u00c9D\u00c9 a eu lieu durant la Conf\u00e9rence 2023 \u00e0 Fr\u00e9d\u00e9ricton (NB).&nbsp;<\/p>\n<p>La prochaine AGA aura lieu \u00e0 la Conf\u00e9rence 2024 en Ontario. (fin avril &#8211; d\u00e9but mai)<\/p>\n","protected":false},"author":1,"featured_media":0,"parent":32299,"menu_order":0,"comment_status":"closed","ping_status":"closed","template":"","meta":{"pmpro_default_level":"","footnotes":""},"class_list":["post-32308","page","type-page","status-publish","hentry","pmpro-has-access"],"meta_box":[],"_links":{"self":[{"href":"https:\/\/capsle2.turnbull.co\/fr\/wp-json\/wp\/v2\/pages\/32308","targetHints":{"allow":["GET"]}}],"collection":[{"href":"https:\/\/capsle2.turnbull.co\/fr\/wp-json\/wp\/v2\/pages"}],"about":[{"href":"https:\/\/capsle2.turnbull.co\/fr\/wp-json\/wp\/v2\/types\/page"}],"author":[{"embeddable":true,"href":"https:\/\/capsle2.turnbull.co\/fr\/wp-json\/wp\/v2\/users\/1"}],"replies":[{"embeddable":true,"href":"https:\/\/capsle2.turnbull.co\/fr\/wp-json\/wp\/v2\/comments?post=32308"}],"version-history":[{"count":1,"href":"https:\/\/capsle2.turnbull.co\/fr\/wp-json\/wp\/v2\/pages\/32308\/revisions"}],"predecessor-version":[{"id":32309,"href":"https:\/\/capsle2.turnbull.co\/fr\/wp-json\/wp\/v2\/pages\/32308\/revisions\/32309"}],"up":[{"embeddable":true,"href":"https:\/\/capsle2.turnbull.co\/fr\/wp-json\/wp\/v2\/pages\/32299"}],"wp:attachment":[{"href":"https:\/\/capsle2.turnbull.co\/fr\/wp-json\/wp\/v2\/media?parent=32308"}],"curies":[{"name":"wp","href":"https:\/\/api.w.org\/{rel}","templated":true}]}}