{"id":32304,"date":"2025-10-15T14:57:40","date_gmt":"2025-10-15T14:57:40","guid":{"rendered":"https:\/\/capsle.turnbull.co\/?page_id=32304"},"modified":"2025-12-25T11:31:55","modified_gmt":"2025-12-25T11:31:55","slug":"le-conseil-de-lacede-2024-2025","status":"publish","type":"page","link":"https:\/\/capsle2.turnbull.co\/fr\/a-propos-de-lacede\/le-conseil-de-lacede-2024-2025\/","title":{"rendered":"Le Conseil de l\u2019AC\u00c9D\u00c9 (2024-2025)"},"content":{"rendered":"<h2>L&rsquo;ex\u00e9cutif<\/h2>\n<h4>PR\u00c9SIDENT<\/h4>\n<p><strong>Terrence Sullivan<\/strong><br \/>\n170 Waddington Drive<br \/>\nKamloops, BC<br \/>\nV2E 1M4<\/p>\n<h4>VICE-PR\u00c9SIDENT<\/h4>\n<p><strong>Tim Breen<\/strong><br \/>\nManitoba Teachers\u2019 Society<br \/>\n191 Harcourt Street<br \/>\nWinnipeg, MB<br \/>\nR3J 3H2<\/p>\n<h4>TR\u00c9SORIER<\/h4>\n<p><strong>Patrick Trent<\/strong><br \/>\nBorden Ladner Gervais LLP<br \/>\n1000, rue de la Gaucheti\u00e8re W, Suite 900<br \/>\nMontreal, QC<br \/>\nH3B 5H5<\/p>\n<h4>SECR\u00c9TAIRE<\/h4>\n<p><strong>Bernadette Cole Gendron<\/strong><br \/>\nNLSchools &#8211; Department of Education<br \/>\nP.O. Box 8700 &#8211; 3rd Floor Confederation Building<br \/>\nSt. John&rsquo;s, NL<br \/>\nA1B 4J6<\/p>\n<h4>PR\u00c9SIDENTE SORTANTE<\/h4>\n<p><strong>Melissa Eldridge<\/strong><br \/>\nBorden Ladner Gervais LLP<br \/>\nEast Tower, Bay Adelaide Centre, 22 Adelaide St W #3400<br \/>\nToronto, ON<br \/>\nM5H 4E3<\/p>\n<h2>Conseillers.\u00e8res<\/h2>\n<p><strong>Kiersten Amos<\/strong><br \/>\nMcInnes Cooper<br \/>\n1300 &#8211; 1969 Upper Water Street, P.O. Box 730<br \/>\nHalifax, NS<br \/>\nB3J 2V1<\/p>\n<p><strong>Elizabeth Creelman<\/strong><br \/>\nCatholic Principals&rsquo; Council of Ontario<br \/>\n10 Carlson Ct, Suite 640<br \/>\nEtobicoke, ON<br \/>\nM9W 6L2<\/p>\n<p><strong>Konni deGoeij<\/strong><br \/>\nThe Alberta Teachers&rsquo; Association<br \/>\n11010 142 Street NW<br \/>\nEdmonton, AB<br \/>\nT5N 2R1<\/p>\n<p><strong>Caroline Foisy<\/strong><br \/>\nNew Brunswick Teachers\u2019 Federation<br \/>\nP.O. Box 1535 &#8211; 650 Montgomery Street<br \/>\nFredericton, NB<br \/>\nE3B 5G2<\/p>\n<p><strong>Destiny Grant<\/strong><br \/>\nPink Larkin<br \/>\n1133 Regent Street, Suite 210<br \/>\nFredericton, NB<br \/>\nE38 3Z2<\/p>\n<p><strong>Katherine Long<\/strong><br \/>\nJustice for Children and Youth<br \/>\n55 University Avenue, Suite 1500<br \/>\nToronto, ON<br \/>\nM5J 2H7<\/p>\n<p><strong>Bruce Maxwell<\/strong><br \/>\n778, avenue Champagneur<br \/>\nOutremont, QC<br \/>\nH2V 3P8<\/p>\n<p><strong>Christian Paquette<\/strong><br \/>\nFasken Martineau DuMoulin LLP<br \/>\nBay Adelaide Centre<br \/>\nToronto, ON<br \/>\nM5H 2T6<\/p>\n<h2>Administration<\/h2>\n<p><strong>Agente administrative<\/strong><br \/>\n<strong>Sabrina Roberts<\/strong><br \/>\nCAPSLE\/AC\u00c9D\u00c9<br \/>\nC.P. 8171, succursale A<br \/>\nSt. John&rsquo;s (TNL)<br \/>\nA1B 3P2 &#8211; CANADA<br \/>\nt\u00e9l: 709-227-6549 (CAPNL-49)<br \/>\n<a href=\"mailto:info@capsle.ca\">info@capsle.ca<\/a><\/p>\n<p><strong>Comptable<\/strong><br \/>\n<strong>Lori Pollock<\/strong><\/p>\n","protected":false},"excerpt":{"rendered":"<p>L&rsquo;ex\u00e9cutif<br \/>\nPR\u00c9SIDENT<br \/>\nTerrence Sullivan<br \/>\n170 Waddington Drive<br \/>\nKamloops, BC<br \/>\nV2E 1M4<br \/>\nVICE-PR\u00c9SIDENT<br \/>\nTim Breen<br \/>\nManitoba Teachers\u2019 Society<br \/>\n191 Harcourt Street<br \/>\nWinnipeg, MB<br \/>\nR3J 3H2<br \/>\nTR\u00c9SORIER<br \/>\nPatrick Trent<br \/>\nBorden Ladner Gervais LLP<br \/>\n1000, rue de la Gaucheti\u00e8re W, Suite 900<br \/>\nMontreal, QC<br \/>\nH3B 5H5<br \/>\nSECR\u00c9TAIRE<br \/>\nBernadette Cole Gendron<br \/>\nNLSchools &#8211;<\/p>\n","protected":false},"author":1,"featured_media":0,"parent":32299,"menu_order":0,"comment_status":"closed","ping_status":"closed","template":"","meta":{"pmpro_default_level":"","footnotes":""},"class_list":["post-32304","page","type-page","status-publish","hentry","pmpro-has-access"],"meta_box":[],"_links":{"self":[{"href":"https:\/\/capsle2.turnbull.co\/fr\/wp-json\/wp\/v2\/pages\/32304","targetHints":{"allow":["GET"]}}],"collection":[{"href":"https:\/\/capsle2.turnbull.co\/fr\/wp-json\/wp\/v2\/pages"}],"about":[{"href":"https:\/\/capsle2.turnbull.co\/fr\/wp-json\/wp\/v2\/types\/page"}],"author":[{"embeddable":true,"href":"https:\/\/capsle2.turnbull.co\/fr\/wp-json\/wp\/v2\/users\/1"}],"replies":[{"embeddable":true,"href":"https:\/\/capsle2.turnbull.co\/fr\/wp-json\/wp\/v2\/comments?post=32304"}],"version-history":[{"count":2,"href":"https:\/\/capsle2.turnbull.co\/fr\/wp-json\/wp\/v2\/pages\/32304\/revisions"}],"predecessor-version":[{"id":32307,"href":"https:\/\/capsle2.turnbull.co\/fr\/wp-json\/wp\/v2\/pages\/32304\/revisions\/32307"}],"up":[{"embeddable":true,"href":"https:\/\/capsle2.turnbull.co\/fr\/wp-json\/wp\/v2\/pages\/32299"}],"wp:attachment":[{"href":"https:\/\/capsle2.turnbull.co\/fr\/wp-json\/wp\/v2\/media?parent=32304"}],"curies":[{"name":"wp","href":"https:\/\/api.w.org\/{rel}","templated":true}]}}