{"id":32299,"date":"2025-10-03T08:10:50","date_gmt":"2025-10-03T08:10:50","guid":{"rendered":"https:\/\/capsle.turnbull.co\/?page_id=32299"},"modified":"2025-12-25T11:31:51","modified_gmt":"2025-12-25T11:31:51","slug":"a-propos-de-lacede","status":"publish","type":"page","link":"https:\/\/capsle2.turnbull.co\/fr\/a-propos-de-lacede\/","title":{"rendered":"\u00c0 propos de l\u2019AC\u00c9D\u00c9"},"content":{"rendered":"<p>\u00c9tablie en 1989, L\u2019Association canadienne pour l\u2019\u00e9tude pratique du droit de l\u2019\u00e9ducation (l\u2019AC\u00c9D\u00c9) est un organisme national canadien consacr\u00e9 \u00e0 offrir un forum ouvert sur les \u00e9tudes pratiques des aspects l\u00e9gaux affectant l\u2019\u00e9ducation.<\/p>\n<p>Aujourd\u2019hui, l\u2019AC\u00c9D\u00c9 regroupe des personnes de tous les coins du pays, et tous les domaines du droit et de l\u2019\u00e9ducation y sont repr\u00e9sent\u00e9s \u2014 le droit, l\u2019enseignement, la gestion, l\u2019association syndicale, ainsi de suite. En fait, nous accueillons toutes et tous qui expriment un int\u00e9r\u00eat dans les questions d\u2019ordre juridique qui touchent \u00e0 l\u2019\u00e9ducation.<\/p>\n<h2>Nos Buts<\/h2>\n<ul>\n<li>D\u2019aider au perfectionnement professionnel de ses members.<\/li>\n<li>De favoriser une appr\u00e9ciation et une compr\u00e9hension des perspectives vari\u00e9es que les membres apportent \u00e0 des enjeux communs.<\/li>\n<li>De fournir des occasions aux niveaux national et regional pour les membres de traiter de fa\u00e7on efficace de questions d\u2019int\u00e9r\u00eat commun.<\/li>\n<li>De favoriser la communication entre les secteurs de la soci\u00e9t\u00e9 canadienne par rapport \u00e0 l\u2019interaction entre la loi et l\u2019\u00e9ducation.<\/li>\n<li>De viser l\u2019appartenance des organismes et des individus qui vont offrir une diversit\u00e9 nec\u00e9ssaire au maintien d\u2019une discussion g\u00e9n\u00e9rale et de la pens\u00e9e innovative quant \u00e0 l\u2019interaction entre la loi et l\u2019\u00e9ducation.<\/li>\n<li>De promouvoir une sensibilisation quant \u00e0 la disponibilit\u00e9 des ressources juridiques et de favoriser l\u2019utilisation efficace des dites resources.<\/li>\n<li>D\u2019encourager la recherche et la publication dans le domaine de la loi en \u00e9ducation.<\/li>\n<\/ul>\n<h2>Nos Objectifs<\/h2>\n<ol>\n<li>Commanditer une conf\u00e9rence nationale annuelle sur les questions juridiques affectant l\u2019\u00e9ducation.<\/li>\n<li>D\u2019appuyer l\u2019organisation d\u2019ateliers, de colloques et de rencontres aux niveaux regional et\/ou local visant \u00e0 rencontrer les besoins des membres.<\/li>\n<li>D\u2019\u00e9tablir une liste de conf\u00e9renciers sur les sujets d\u2019int\u00e9r\u00eat aux membres.<\/li>\n<li>De publier \u00e0 chaque ann\u00e9e les dates de la conf\u00e9rence nationale.<\/li>\n<li>De publier de temps \u00e0 autre un bulletin de nouvelles:<\/li>\n<li>visant \u00e0 informer les membres concernant les activit\u00e9s de l\u2019Association, des lois et des decisions juridiques importantes se rapportant \u00e0 l\u2019\u00e9ducation et<\/li>\n<li>de fournir un m\u00e9canisme par lequel les membres peuvent faire des contributions, soulever des pr\u00e9occupations, identifier des enjeux et \u00e9changer de l\u2019information.<\/li>\n<li>Explorer le d\u00e9veloppement d\u2019une base de donn\u00e9es y inclus la jurisprudence appropri\u00e9e et les decisions de griefs, une bibliographie dans la mati\u00e8re au niveau de publications et de lois pertinentes.<\/li>\n<li>De servir de centre de redistribution pour les renseignements portant sur la recherche et les publications appropri\u00e9es dans le domaine de la loi en \u00e9ducation<\/li>\n<\/ol>\n<p>Vous pouvez nous contacter par courriel \u00e0 <a href=\"mailto:info@capsle.ca\">info@capsle.ca<\/a> ou par les voies traditionnelles:<\/p>\n<p>AC\u00c9D\u00c9<br \/>\nCP. 8171, succ. A<br \/>\nSt. John&rsquo;s, Terre-Neuve-et-Labrador<br \/>\nCANADA \u00a4 A1B 3P2<br \/>\nT\u00e9l: 709-227-6549 (CAPNL-49)<\/p>\n","protected":false},"excerpt":{"rendered":"<p>\u00c9tablie en 1989, L\u2019Association canadienne pour l\u2019\u00e9tude pratique du droit de l\u2019\u00e9ducation (l\u2019AC\u00c9D\u00c9) est un organisme national canadien consacr\u00e9 \u00e0 offrir un forum ouvert sur les \u00e9tudes pratiques des aspects l\u00e9gaux affectant l\u2019\u00e9ducation.<br \/>\nAujourd\u2019hui, l\u2019AC\u00c9D\u00c9 regroupe des personnes de tous les coins du pays, et tous les domaines du droit et de l\u2019\u00e9ducation y sont repr\u00e9sent\u00e9s \u2014 le droit,<\/p>\n","protected":false},"author":1,"featured_media":0,"parent":0,"menu_order":-9,"comment_status":"closed","ping_status":"closed","template":"","meta":{"pmpro_default_level":"","footnotes":""},"class_list":["post-32299","page","type-page","status-publish","hentry","pmpro-has-access"],"meta_box":[],"_links":{"self":[{"href":"https:\/\/capsle2.turnbull.co\/fr\/wp-json\/wp\/v2\/pages\/32299","targetHints":{"allow":["GET"]}}],"collection":[{"href":"https:\/\/capsle2.turnbull.co\/fr\/wp-json\/wp\/v2\/pages"}],"about":[{"href":"https:\/\/capsle2.turnbull.co\/fr\/wp-json\/wp\/v2\/types\/page"}],"author":[{"embeddable":true,"href":"https:\/\/capsle2.turnbull.co\/fr\/wp-json\/wp\/v2\/users\/1"}],"replies":[{"embeddable":true,"href":"https:\/\/capsle2.turnbull.co\/fr\/wp-json\/wp\/v2\/comments?post=32299"}],"version-history":[{"count":1,"href":"https:\/\/capsle2.turnbull.co\/fr\/wp-json\/wp\/v2\/pages\/32299\/revisions"}],"predecessor-version":[{"id":32301,"href":"https:\/\/capsle2.turnbull.co\/fr\/wp-json\/wp\/v2\/pages\/32299\/revisions\/32301"}],"wp:attachment":[{"href":"https:\/\/capsle2.turnbull.co\/fr\/wp-json\/wp\/v2\/media?parent=32299"}],"curies":[{"name":"wp","href":"https:\/\/api.w.org\/{rel}","templated":true}]}}